{"id":443,"date":"2020-01-25T14:31:11","date_gmt":"2020-01-25T14:31:11","guid":{"rendered":"http:\/\/spannweite-kirchheim.de\/?page_id=443"},"modified":"2020-01-28T15:25:54","modified_gmt":"2020-01-28T15:25:54","slug":"neurologische-klienten","status":"publish","type":"page","link":"https:\/\/spannweite-kirchheim.de\/?page_id=443","title":{"rendered":"Neurologische Klienten"},"content":{"rendered":"\n<h2 class=\"wp-block-heading\"><strong>Neurologische Klienten<\/strong> <\/h2>\n\n\n\n<p>Das Ziel ist Wiederherstellung oder Verbesserung physiologischer Bewegungsabl\u00e4ufe durch dreidimensionales Training in der geschlossenen Bewegungskette und damit die Integration zur\u00fcck in den Alltag.<\/p>\n\n\n\n<p>Durch das Erlernen von verschiedenen Atemtechniken kombiniert mit Bewegungsmustern harmonisiert sich das ganze System Mensch.<\/p>\n\n\n\n<p>Au\u00dfergew\u00f6hnliche Ergebnisse k\u00f6nnen hier u.a. erzielt werden bei:<\/p>\n\n\n\n<ul class=\"wp-block-list\"><li>Parkinson Erkrankung<\/li><li>Bronchialasthma<\/li><li>Atembeschwerden<\/li><li>Tinnitus<\/li><li>Karpaltunnelsyndrom<\/li><li>Migr\u00e4ne<\/li><li>Schlaganfall<\/li><li>Schwindel<\/li><li>Burnout\/ Stresssymptomatik<br><\/li><\/ul>\n\n\n\n<p class=\"has-text-align-left\"><strong>&#8220;Den K\u00f6rper durch bewegen in seine Balance bringen um die Achtsamkeit auf sich zu lenken&#8221;<br><\/strong><\/p>\n\n\n\n<hr class=\"wp-block-separator\"\/>\n\n\n\n<p class=\"has-text-align-center has-small-font-size\">\n<span class=\"times\">GYROTONIC\u00ae<\/span>, <span class=\"times\">GYROTONIC\u00ae<\/span> <span class=\"timesLogo\">&amp; Logo<\/span> und <span class=\"times\">GYROTONIC EXPANSION SYSTEM\u00ae<\/span> sind eingetragene Warenzeichen der Gyrotonic Sales Corp und werden mit deren Genehmigung verwendet.<\/p>\n","protected":false},"excerpt":{"rendered":"<p>Neurologische Klienten Das Ziel ist Wiederherstellung oder Verbesserung physiologischer Bewegungsabl\u00e4ufe durch dreidimensionales Training in der geschlossenen Bewegungskette und damit die Integration zur\u00fcck in den Alltag. Durch das Erlernen von verschiedenen Atemtechniken kombiniert mit Bewegungsmustern harmonisiert sich das ganze System Mensch.<\/p>\n","protected":false},"author":1,"featured_media":0,"parent":0,"menu_order":0,"comment_status":"closed","ping_status":"closed","template":"","meta":{"footnotes":""},"class_list":["post-443","page","type-page","status-publish","hentry"],"_links":{"self":[{"href":"https:\/\/spannweite-kirchheim.de\/index.php?rest_route=\/wp\/v2\/pages\/443","targetHints":{"allow":["GET"]}}],"collection":[{"href":"https:\/\/spannweite-kirchheim.de\/index.php?rest_route=\/wp\/v2\/pages"}],"about":[{"href":"https:\/\/spannweite-kirchheim.de\/index.php?rest_route=\/wp\/v2\/types\/page"}],"author":[{"embeddable":true,"href":"https:\/\/spannweite-kirchheim.de\/index.php?rest_route=\/wp\/v2\/users\/1"}],"replies":[{"embeddable":true,"href":"https:\/\/spannweite-kirchheim.de\/index.php?rest_route=%2Fwp%2Fv2%2Fcomments&post=443"}],"version-history":[{"count":14,"href":"https:\/\/spannweite-kirchheim.de\/index.php?rest_route=\/wp\/v2\/pages\/443\/revisions"}],"predecessor-version":[{"id":938,"href":"https:\/\/spannweite-kirchheim.de\/index.php?rest_route=\/wp\/v2\/pages\/443\/revisions\/938"}],"wp:attachment":[{"href":"https:\/\/spannweite-kirchheim.de\/index.php?rest_route=%2Fwp%2Fv2%2Fmedia&parent=443"}],"curies":[{"name":"wp","href":"https:\/\/api.w.org\/{rel}","templated":true}]}}