{"id":436,"date":"2020-01-25T14:28:49","date_gmt":"2020-01-25T14:28:49","guid":{"rendered":"http:\/\/spannweite-kirchheim.de\/?page_id=436"},"modified":"2020-01-28T15:26:38","modified_gmt":"2020-01-28T15:26:38","slug":"frauen-mit-brustkrebs","status":"publish","type":"page","link":"https:\/\/spannweite-kirchheim.de\/?page_id=436","title":{"rendered":"Frauenheilkunde"},"content":{"rendered":"\n<h2 class=\"wp-block-heading\">Frauenheilkunde<\/h2>\n\n\n\n<p>Sanfte Bewegungs\u00fcbungen, Balance und Dynamik, verbessertes K\u00f6rpergef\u00fchl:&nbsp; <br>Die Trainingsmethode ist eine ideale Erg\u00e4nzung f\u00fcr frauennaturheilkundliche Behandlungen.<\/p>\n\n\n\n<p><strong>Beckenbodentraining <\/strong><br>Ein starkes Becken ist beweglich und dynamisch, die Basis f\u00fcr ein gutes K\u00f6rpergef\u00fchl. Ein vitaler Beckenboden wirkt nicht nur gegen Inkontinenz, er unterst\u00fctzt auch Haltung, Gleichgewicht und Beweglichkeit. Er gibt uns Kraft, Energie und Lust.  Bei vielen Frauen kommt es zu Beckenbodenschw\u00e4che nach einer  Schwangerschaft oder Geburt, aber auch Vielsitzen, \u00dcberbelastung oder  Fehlhaltungen k\u00f6nnen auch bei M\u00e4nnern Ausl\u00f6ser daf\u00fcr sein! <\/p>\n\n\n\n<p><strong>Post OP<\/strong> <br>Nach einer Operation, besonders nach Eingriffen wie einer Brustkrebs-OP braucht es verst\u00e4ndlicherweise immer eine gewisse Zeit, bis sich die Patientinnen wieder in ihrem K\u00f6rper wohlf\u00fchlen und sie sich frei bewegen k\u00f6nnen. Das liegt einerseits nat\u00fcrlich an physischen Beeintr\u00e4chtigungen wie  Operationsnarben, Schmerzen oder Spannungen, andererseits d\u00fcrfen auch  seelische Aspekte nicht \u00fcbergangen werden. Viele Frauen sind einfach  tiefgreifend verunsichert.<br><\/p>\n\n\n\n<p class=\"has-text-align-left\">&#8220;<strong>Ich helfe Ihnen mit der <span class=\"times\">GYROTONIC\u00ae<\/span> Methode, sowohl pr\u00e4ventiv als auch rehabilitativ, individuell diese Schwierigkeiten durch sanftes Training und Anleitung zu allt\u00e4glichen \u00dcbungen in den Griff zu bekommen<\/strong>&#8220;<br><\/p>\n\n\n\n<hr class=\"wp-block-separator\"\/>\n\n\n\n<p class=\"has-text-align-center has-small-font-size\">\n<span class=\"times\">GYROTONIC\u00ae<\/span>, <span class=\"times\">GYROTONIC\u00ae<\/span> <span class=\"timesLogo\">&amp; Logo<\/span> und <span class=\"times\">GYROTONIC EXPANSION SYSTEM\u00ae<\/span> sind eingetragene Warenzeichen der Gyrotonic Sales Corp und werden mit deren Genehmigung verwendet.<\/p>\n","protected":false},"excerpt":{"rendered":"<p>Frauenheilkunde Sanfte Bewegungs\u00fcbungen, Balance und Dynamik, verbessertes K\u00f6rpergef\u00fchl:&nbsp; Die Trainingsmethode ist eine ideale Erg\u00e4nzung f\u00fcr frauennaturheilkundliche Behandlungen. Beckenbodentraining Ein starkes Becken ist beweglich und dynamisch, die Basis f\u00fcr ein gutes K\u00f6rpergef\u00fchl. Ein vitaler Beckenboden wirkt nicht nur gegen Inkontinenz, er<\/p>\n","protected":false},"author":1,"featured_media":0,"parent":0,"menu_order":0,"comment_status":"closed","ping_status":"closed","template":"","meta":{"footnotes":""},"class_list":["post-436","page","type-page","status-publish","hentry"],"_links":{"self":[{"href":"https:\/\/spannweite-kirchheim.de\/index.php?rest_route=\/wp\/v2\/pages\/436","targetHints":{"allow":["GET"]}}],"collection":[{"href":"https:\/\/spannweite-kirchheim.de\/index.php?rest_route=\/wp\/v2\/pages"}],"about":[{"href":"https:\/\/spannweite-kirchheim.de\/index.php?rest_route=\/wp\/v2\/types\/page"}],"author":[{"embeddable":true,"href":"https:\/\/spannweite-kirchheim.de\/index.php?rest_route=\/wp\/v2\/users\/1"}],"replies":[{"embeddable":true,"href":"https:\/\/spannweite-kirchheim.de\/index.php?rest_route=%2Fwp%2Fv2%2Fcomments&post=436"}],"version-history":[{"count":14,"href":"https:\/\/spannweite-kirchheim.de\/index.php?rest_route=\/wp\/v2\/pages\/436\/revisions"}],"predecessor-version":[{"id":939,"href":"https:\/\/spannweite-kirchheim.de\/index.php?rest_route=\/wp\/v2\/pages\/436\/revisions\/939"}],"wp:attachment":[{"href":"https:\/\/spannweite-kirchheim.de\/index.php?rest_route=%2Fwp%2Fv2%2Fmedia&parent=436"}],"curies":[{"name":"wp","href":"https:\/\/api.w.org\/{rel}","templated":true}]}}