{"id":431,"date":"2020-01-25T14:27:00","date_gmt":"2020-01-25T14:27:00","guid":{"rendered":"http:\/\/spannweite-kirchheim.de\/?page_id=431"},"modified":"2020-01-26T14:05:30","modified_gmt":"2020-01-26T14:05:30","slug":"pre-postnatale-unterstuetzung","status":"publish","type":"page","link":"https:\/\/spannweite-kirchheim.de\/?page_id=431","title":{"rendered":"Pre- &#038; Postnatale Unterst\u00fctzung"},"content":{"rendered":"\n<h2 class=\"wp-block-heading\"><strong>Pre- &amp; Postnatale Unterst\u00fctzung<\/strong> <\/h2>\n\n\n\n<p><span class=\"times\">GYROTONIC\u00ae<\/span> hilft Frauen w\u00e4hrend der Schwangerschaft und nach der Geburt mit ihrem  K\u00f6rper in Kontakt zu bleiben, sich ihres K\u00f6rper bewusst zu bleiben sowie  ein gutes K\u00f6rpergef\u00fchl zu erhalten. Das regelm\u00e4\u00dfige Training hilft  Beschwerden entgegenzuwirken, st\u00e4rkt den Beckenboden und strafft das  Bindegewebe. <\/p>\n\n\n\n<hr class=\"wp-block-separator\"\/>\n\n\n\n<p class=\"has-text-align-center has-small-font-size\">\n<span class=\"times\">GYROTONIC\u00ae<\/span>, <span class=\"times\">GYROTONIC\u00ae<\/span> <span class=\"timesLogo\">&amp; Logo<\/span> und <span class=\"times\">GYROTONIC EXPANSION SYSTEM\u00ae<\/span> sind eingetragene Warenzeichen der Gyrotonic Sales Corp und werden mit deren Genehmigung verwendet.<\/p>\n","protected":false},"excerpt":{"rendered":"<p>Pre- &amp; Postnatale Unterst\u00fctzung GYROTONIC\u00ae hilft Frauen w\u00e4hrend der Schwangerschaft und nach der Geburt mit ihrem K\u00f6rper in Kontakt zu bleiben, sich ihres K\u00f6rper bewusst zu bleiben sowie ein gutes K\u00f6rpergef\u00fchl zu erhalten. Das regelm\u00e4\u00dfige Training hilft Beschwerden entgegenzuwirken, st\u00e4rkt<\/p>\n","protected":false},"author":1,"featured_media":0,"parent":0,"menu_order":0,"comment_status":"closed","ping_status":"closed","template":"","meta":{"footnotes":""},"class_list":["post-431","page","type-page","status-publish","hentry"],"_links":{"self":[{"href":"https:\/\/spannweite-kirchheim.de\/index.php?rest_route=\/wp\/v2\/pages\/431","targetHints":{"allow":["GET"]}}],"collection":[{"href":"https:\/\/spannweite-kirchheim.de\/index.php?rest_route=\/wp\/v2\/pages"}],"about":[{"href":"https:\/\/spannweite-kirchheim.de\/index.php?rest_route=\/wp\/v2\/types\/page"}],"author":[{"embeddable":true,"href":"https:\/\/spannweite-kirchheim.de\/index.php?rest_route=\/wp\/v2\/users\/1"}],"replies":[{"embeddable":true,"href":"https:\/\/spannweite-kirchheim.de\/index.php?rest_route=%2Fwp%2Fv2%2Fcomments&post=431"}],"version-history":[{"count":5,"href":"https:\/\/spannweite-kirchheim.de\/index.php?rest_route=\/wp\/v2\/pages\/431\/revisions"}],"predecessor-version":[{"id":717,"href":"https:\/\/spannweite-kirchheim.de\/index.php?rest_route=\/wp\/v2\/pages\/431\/revisions\/717"}],"wp:attachment":[{"href":"https:\/\/spannweite-kirchheim.de\/index.php?rest_route=%2Fwp%2Fv2%2Fmedia&parent=431"}],"curies":[{"name":"wp","href":"https:\/\/api.w.org\/{rel}","templated":true}]}}