{"id":422,"date":"2020-01-25T14:21:04","date_gmt":"2020-01-25T14:21:04","guid":{"rendered":"http:\/\/spannweite-kirchheim.de\/?page_id=422"},"modified":"2020-01-26T14:06:39","modified_gmt":"2020-01-26T14:06:39","slug":"saenger","status":"publish","type":"page","link":"https:\/\/spannweite-kirchheim.de\/?page_id=422","title":{"rendered":"S\u00e4nger"},"content":{"rendered":"\n<h2 class=\"wp-block-heading\"><strong>S\u00e4nger<\/strong><\/h2>\n\n\n\n<p>S\u00e4nger\/innen erarbeiten sich durch die  Flexibilisierung des Brustkorbes und die Aktivierung des Zwerchfells  eine kr\u00e4ftige Atemmuskulatur, die spezifischen Atemmuster unterst\u00fctzen  eine vitale Atems\u00e4ule<strong>.<\/strong><\/p>\n\n\n\n<hr class=\"wp-block-separator\"\/>\n\n\n\n<p class=\"has-text-align-center has-small-font-size\">\n<span class=\"times\">GYROTONIC\u00ae<\/span>, <span class=\"times\">GYROTONIC\u00ae<\/span> <span class=\"timesLogo\">&amp; Logo<\/span> und <span class=\"times\">GYROTONIC EXPANSION SYSTEM\u00ae<\/span> sind eingetragene Warenzeichen der Gyrotonic Sales Corp und werden mit deren Genehmigung verwendet.<\/p>\n","protected":false},"excerpt":{"rendered":"<p>S\u00e4nger S\u00e4nger\/innen erarbeiten sich durch die Flexibilisierung des Brustkorbes und die Aktivierung des Zwerchfells eine kr\u00e4ftige Atemmuskulatur, die spezifischen Atemmuster unterst\u00fctzen eine vitale Atems\u00e4ule. GYROTONIC\u00ae, GYROTONIC\u00ae &amp; Logo und GYROTONIC EXPANSION SYSTEM\u00ae sind eingetragene Warenzeichen der Gyrotonic Sales Corp und<\/p>\n","protected":false},"author":1,"featured_media":0,"parent":0,"menu_order":0,"comment_status":"closed","ping_status":"closed","template":"","meta":{"footnotes":""},"class_list":["post-422","page","type-page","status-publish","hentry"],"_links":{"self":[{"href":"https:\/\/spannweite-kirchheim.de\/index.php?rest_route=\/wp\/v2\/pages\/422","targetHints":{"allow":["GET"]}}],"collection":[{"href":"https:\/\/spannweite-kirchheim.de\/index.php?rest_route=\/wp\/v2\/pages"}],"about":[{"href":"https:\/\/spannweite-kirchheim.de\/index.php?rest_route=\/wp\/v2\/types\/page"}],"author":[{"embeddable":true,"href":"https:\/\/spannweite-kirchheim.de\/index.php?rest_route=\/wp\/v2\/users\/1"}],"replies":[{"embeddable":true,"href":"https:\/\/spannweite-kirchheim.de\/index.php?rest_route=%2Fwp%2Fv2%2Fcomments&post=422"}],"version-history":[{"count":6,"href":"https:\/\/spannweite-kirchheim.de\/index.php?rest_route=\/wp\/v2\/pages\/422\/revisions"}],"predecessor-version":[{"id":720,"href":"https:\/\/spannweite-kirchheim.de\/index.php?rest_route=\/wp\/v2\/pages\/422\/revisions\/720"}],"wp:attachment":[{"href":"https:\/\/spannweite-kirchheim.de\/index.php?rest_route=%2Fwp%2Fv2%2Fmedia&parent=422"}],"curies":[{"name":"wp","href":"https:\/\/api.w.org\/{rel}","templated":true}]}}