{"id":418,"date":"2020-01-25T14:18:57","date_gmt":"2020-01-25T14:18:57","guid":{"rendered":"http:\/\/spannweite-kirchheim.de\/?page_id=418"},"modified":"2020-01-28T14:48:01","modified_gmt":"2020-01-28T14:48:01","slug":"taenzer","status":"publish","type":"page","link":"https:\/\/spannweite-kirchheim.de\/?page_id=418","title":{"rendered":"T\u00e4nzer"},"content":{"rendered":"\n<h2 class=\"wp-block-heading\"><strong>T\u00e4nzer<\/strong><\/h2>\n\n\n\n<p><span class=\"times\">GYROTONIC\u00ae<\/span> bietet K\u00fcnstlern mit hohen k\u00f6rperlichen Anforderungen, Entlastung von einseitigen Beanspruchungen. Durch die Schulung der Selbstwahrnehmung kann selbst in Situationen erh\u00f6hter Konzentration der K\u00f6rper in seinen F\u00e4higkeiten voll genutzt und wahrgenommen werden. <br>Die individuelle Pr\u00e4senz und das pers\u00f6nliche Ausdruckspotential werden gesteigert. Das Training wurde entwickelt, um den speziellen Anforderungen der K\u00fcnstler zu entsprechen und zu helfen, Verletzungen vorzubeugen oder sich von Verletzungen schneller zu genesen. Das System erlaubt dem Trainierenden, Potentiale und Bewegungsgrade zu erh\u00f6hen bzw. zu verbessern. <\/p>\n\n\n\n<hr class=\"wp-block-separator\"\/>\n\n\n\n<p class=\"has-text-align-center has-small-font-size\">\n<span class=\"times\">GYROTONIC\u00ae<\/span>, <span class=\"times\">GYROTONIC\u00ae<\/span> <span class=\"timesLogo\">&amp; Logo<\/span> und <span class=\"times\">GYROTONIC EXPANSION SYSTEM\u00ae<\/span> sind eingetragene Warenzeichen der Gyrotonic Sales Corp und werden mit deren Genehmigung verwendet.<\/p>\n","protected":false},"excerpt":{"rendered":"<p>T\u00e4nzer GYROTONIC\u00ae bietet K\u00fcnstlern mit hohen k\u00f6rperlichen Anforderungen, Entlastung von einseitigen Beanspruchungen. Durch die Schulung der Selbstwahrnehmung kann selbst in Situationen erh\u00f6hter Konzentration der K\u00f6rper in seinen F\u00e4higkeiten voll genutzt und wahrgenommen werden. Die individuelle Pr\u00e4senz und das pers\u00f6nliche Ausdruckspotential<\/p>\n","protected":false},"author":1,"featured_media":0,"parent":0,"menu_order":0,"comment_status":"closed","ping_status":"closed","template":"","meta":{"footnotes":""},"class_list":["post-418","page","type-page","status-publish","hentry"],"_links":{"self":[{"href":"https:\/\/spannweite-kirchheim.de\/index.php?rest_route=\/wp\/v2\/pages\/418","targetHints":{"allow":["GET"]}}],"collection":[{"href":"https:\/\/spannweite-kirchheim.de\/index.php?rest_route=\/wp\/v2\/pages"}],"about":[{"href":"https:\/\/spannweite-kirchheim.de\/index.php?rest_route=\/wp\/v2\/types\/page"}],"author":[{"embeddable":true,"href":"https:\/\/spannweite-kirchheim.de\/index.php?rest_route=\/wp\/v2\/users\/1"}],"replies":[{"embeddable":true,"href":"https:\/\/spannweite-kirchheim.de\/index.php?rest_route=%2Fwp%2Fv2%2Fcomments&post=418"}],"version-history":[{"count":6,"href":"https:\/\/spannweite-kirchheim.de\/index.php?rest_route=\/wp\/v2\/pages\/418\/revisions"}],"predecessor-version":[{"id":917,"href":"https:\/\/spannweite-kirchheim.de\/index.php?rest_route=\/wp\/v2\/pages\/418\/revisions\/917"}],"wp:attachment":[{"href":"https:\/\/spannweite-kirchheim.de\/index.php?rest_route=%2Fwp%2Fv2%2Fmedia&parent=418"}],"curies":[{"name":"wp","href":"https:\/\/api.w.org\/{rel}","templated":true}]}}