{"id":404,"date":"2020-01-25T14:01:47","date_gmt":"2020-01-25T14:01:47","guid":{"rendered":"http:\/\/spannweite-kirchheim.de\/?page_id=404"},"modified":"2020-01-28T15:25:03","modified_gmt":"2020-01-28T15:25:03","slug":"rehabilitation-verletzungspraevention","status":"publish","type":"page","link":"https:\/\/spannweite-kirchheim.de\/?page_id=404","title":{"rendered":"Rehabilitation &#038; Verletzungspr\u00e4vention"},"content":{"rendered":"\n<h2 class=\"wp-block-heading\"><strong>Rehabilitation &amp; Verletzungspr\u00e4vention<\/strong><\/h2>\n\n\n\n<p class=\"has-text-align-left\"><span class=\"times\">GYROTONIC\u00ae<\/span> ist ein \u201alow impact\u2018- \u00dcbungssystem  mit sanften Bewegungen f\u00fcr die Gelenke, das gelenkschonend arbeitet,  wodurch die M\u00f6glichkeit gegeben ist, w\u00e4hrend der Rekonvaleszenz zu  trainieren.<br><br>Das System eignet sich vorz\u00fcglich und hat sich in der Praxis  auch sehr bew\u00e4hrt u.a. bei :<\/p>\n\n\n\n<ul class=\"wp-block-list\"><li>Linderung von Arthritis<\/li><li>R\u00fcckenschmerzen<\/li><li>Schulter- und Nackenschmerzen<\/li><li>Skoliose<\/li><\/ul>\n\n\n\n<p>In Rehabilitationsphasen  nach einem Unfall oder nach einer Operation unterst\u00fctzt <span class=\"times\">GYROTONIC\u00ae<\/span> die Selbstheilungskr\u00e4fte des Organismus. Die \u00dcbungen erlauben einen  organischen Kraftaufbau des gesamten K\u00f6rpers mit geringer Belastung durch die Schwerkraft.<\/p>\n\n\n\n<p>Sie l\u00f6sen k\u00f6rperliche Stresssymptome wie:\n\n<\/p>\n\n\n\n<ul class=\"wp-block-list\"><li>Verspannungen<\/li><li>Kopfschmerzen<\/li><li>nerv\u00f6se Magen- und Darmbeschwerden<br><\/li><\/ul>\n\n\n\n<p class=\"has-text-align-left\">&#8220;<strong>Der K\u00f6rper wird allm\u00e4hlich in einen g\u00fcnstigeren Zustand von   Ausgeglichenheit gebracht.<\/strong><br><strong>Beschwerden verschwinden oft wie von selbst\u201c  <\/strong><br><\/p>\n\n\n\n<hr class=\"wp-block-separator\"\/>\n\n\n\n<p class=\"has-text-align-center has-small-font-size\">\n<span class=\"times\">GYROTONIC\u00ae<\/span>, <span class=\"times\">GYROTONIC\u00ae<\/span> <span class=\"timesLogo\">&amp; Logo<\/span> und <span class=\"times\">GYROTONIC EXPANSION SYSTEM\u00ae<\/span> sind eingetragene Warenzeichen der Gyrotonic Sales Corp und werden mit deren Genehmigung verwendet.<\/p>\n","protected":false},"excerpt":{"rendered":"<p>Rehabilitation &amp; Verletzungspr\u00e4vention GYROTONIC\u00ae ist ein \u201alow impact\u2018- \u00dcbungssystem mit sanften Bewegungen f\u00fcr die Gelenke, das gelenkschonend arbeitet, wodurch die M\u00f6glichkeit gegeben ist, w\u00e4hrend der Rekonvaleszenz zu trainieren. Das System eignet sich vorz\u00fcglich und hat sich in der Praxis auch<\/p>\n","protected":false},"author":1,"featured_media":0,"parent":0,"menu_order":0,"comment_status":"closed","ping_status":"closed","template":"","meta":{"footnotes":""},"class_list":["post-404","page","type-page","status-publish","hentry"],"_links":{"self":[{"href":"https:\/\/spannweite-kirchheim.de\/index.php?rest_route=\/wp\/v2\/pages\/404","targetHints":{"allow":["GET"]}}],"collection":[{"href":"https:\/\/spannweite-kirchheim.de\/index.php?rest_route=\/wp\/v2\/pages"}],"about":[{"href":"https:\/\/spannweite-kirchheim.de\/index.php?rest_route=\/wp\/v2\/types\/page"}],"author":[{"embeddable":true,"href":"https:\/\/spannweite-kirchheim.de\/index.php?rest_route=\/wp\/v2\/users\/1"}],"replies":[{"embeddable":true,"href":"https:\/\/spannweite-kirchheim.de\/index.php?rest_route=%2Fwp%2Fv2%2Fcomments&post=404"}],"version-history":[{"count":21,"href":"https:\/\/spannweite-kirchheim.de\/index.php?rest_route=\/wp\/v2\/pages\/404\/revisions"}],"predecessor-version":[{"id":937,"href":"https:\/\/spannweite-kirchheim.de\/index.php?rest_route=\/wp\/v2\/pages\/404\/revisions\/937"}],"wp:attachment":[{"href":"https:\/\/spannweite-kirchheim.de\/index.php?rest_route=%2Fwp%2Fv2%2Fmedia&parent=404"}],"curies":[{"name":"wp","href":"https:\/\/api.w.org\/{rel}","templated":true}]}}