{"id":389,"date":"2020-01-25T13:39:17","date_gmt":"2020-01-25T13:39:17","guid":{"rendered":"http:\/\/spannweite-kirchheim.de\/?page_id=389"},"modified":"2020-01-26T14:03:02","modified_gmt":"2020-01-26T14:03:02","slug":"anwendungsbereiche","status":"publish","type":"page","link":"https:\/\/spannweite-kirchheim.de\/?page_id=389","title":{"rendered":"Anwendungsbereiche"},"content":{"rendered":"\n<h2 class=\"wp-block-heading\"><strong>Anwendungsbereiche<\/strong><\/h2>\n\n\n\n<ul class=\"wp-block-list\"><li><a href=\"https:\/\/spannweite-kirchheim.de\/?page_id=393\">Allgemeine Fitness und K\u00f6rperbewu\u00dftsein<\/a><\/li><li><a href=\"https:\/\/spannweite-kirchheim.de\/?page_id=493\">Orthop\u00e4die<\/a><\/li><li><a href=\"https:\/\/spannweite-kirchheim.de\/?page_id=404\">Rehabilitation &amp; Verletzungspr\u00e4vention<\/a><\/li><li><a href=\"https:\/\/spannweite-kirchheim.de\/?page_id=443\">Neurologische Klienten<\/a><\/li><li><a href=\"https:\/\/spannweite-kirchheim.de\/?page_id=436\">Frauenheilkunde<\/a><\/li><li><a href=\"https:\/\/spannweite-kirchheim.de\/?page_id=431\">Pre- &amp; Postnatale Unterst\u00fctzung<\/a><\/li><li><a href=\"https:\/\/spannweite-kirchheim.de\/?page_id=410\">Freizeit- &amp; Leistungssportler<\/a><\/li><li><a href=\"https:\/\/spannweite-kirchheim.de\/?page_id=418\">T\u00e4nzer<\/a><\/li><li><a href=\"https:\/\/spannweite-kirchheim.de\/?page_id=422\">S\u00e4nger<\/a><\/li><li><a href=\"https:\/\/spannweite-kirchheim.de\/?page_id=427\">Musiker<\/a><\/li><\/ul>\n\n\n\n<hr class=\"wp-block-separator\"\/>\n\n\n\n<p class=\"has-text-align-center has-small-font-size\">\n<span class=\"times\">GYROTONIC\u00ae<\/span>, <span class=\"times\">GYROTONIC\u00ae<\/span> <span class=\"timesLogo\">&amp; Logo<\/span> und <span class=\"times\">GYROTONIC EXPANSION SYSTEM\u00ae<\/span> sind eingetragene Warenzeichen der Gyrotonic Sales Corp und werden mit deren Genehmigung verwendet.<\/p>\n","protected":false},"excerpt":{"rendered":"<p>Anwendungsbereiche Allgemeine Fitness und K\u00f6rperbewu\u00dftsein Orthop\u00e4die Rehabilitation &amp; Verletzungspr\u00e4vention Neurologische Klienten Frauenheilkunde Pre- &amp; Postnatale Unterst\u00fctzung Freizeit- &amp; Leistungssportler T\u00e4nzer S\u00e4nger Musiker GYROTONIC\u00ae, GYROTONIC\u00ae &amp; Logo und GYROTONIC EXPANSION SYSTEM\u00ae sind eingetragene Warenzeichen der Gyrotonic Sales Corp und werden mit<\/p>\n","protected":false},"author":1,"featured_media":0,"parent":0,"menu_order":0,"comment_status":"closed","ping_status":"closed","template":"","meta":{"footnotes":""},"class_list":["post-389","page","type-page","status-publish","hentry"],"_links":{"self":[{"href":"https:\/\/spannweite-kirchheim.de\/index.php?rest_route=\/wp\/v2\/pages\/389","targetHints":{"allow":["GET"]}}],"collection":[{"href":"https:\/\/spannweite-kirchheim.de\/index.php?rest_route=\/wp\/v2\/pages"}],"about":[{"href":"https:\/\/spannweite-kirchheim.de\/index.php?rest_route=\/wp\/v2\/types\/page"}],"author":[{"embeddable":true,"href":"https:\/\/spannweite-kirchheim.de\/index.php?rest_route=\/wp\/v2\/users\/1"}],"replies":[{"embeddable":true,"href":"https:\/\/spannweite-kirchheim.de\/index.php?rest_route=%2Fwp%2Fv2%2Fcomments&post=389"}],"version-history":[{"count":8,"href":"https:\/\/spannweite-kirchheim.de\/index.php?rest_route=\/wp\/v2\/pages\/389\/revisions"}],"predecessor-version":[{"id":711,"href":"https:\/\/spannweite-kirchheim.de\/index.php?rest_route=\/wp\/v2\/pages\/389\/revisions\/711"}],"wp:attachment":[{"href":"https:\/\/spannweite-kirchheim.de\/index.php?rest_route=%2Fwp%2Fv2%2Fmedia&parent=389"}],"curies":[{"name":"wp","href":"https:\/\/api.w.org\/{rel}","templated":true}]}}