{"id":195,"date":"2020-01-24T18:39:51","date_gmt":"2020-01-24T18:39:51","guid":{"rendered":"http:\/\/spannweite-kirchheim.de\/?page_id=195"},"modified":"2020-01-28T15:16:16","modified_gmt":"2020-01-28T15:16:16","slug":"wie-entstand-gyrotonic","status":"publish","type":"page","link":"https:\/\/spannweite-kirchheim.de\/?page_id=195","title":{"rendered":"Wie entstand <span class=\"times\">GYROTONIC\u00ae<\/span>"},"content":{"rendered":"\n<h2 class=\"wp-block-heading\"> <strong>Wie entstand <span class=\"times\">GYROTONIC\u00ae<\/span> ?<\/strong><\/h2>\n\n\n\n<p class=\"has-text-align-left has-normal-font-size\">Juliu Horvath, ungarisch-deutscher Herkunft, ist 1942 in Temeschburg, Rum\u00e4nien geboren. <br>Sein gro\u00dfes Interesse an der Bewegung hat sich schon in fr\u00fcher Kindheit bemerkbar gemacht. Erfolgreich praktizierte er Schwimmen, Kunstturnen und Rudern. Im Alter von 19 Jahren kam er zur Temeschburger Oper, wo seine Karriere als klassischer T\u00e4nzer begann.<br> <br>Seine Einstellung zur Arbeit war durch maximale Hingabe gepr\u00e4gt. Er formte seine Pers\u00f6nlichkeit, aufgrund eigener Beobachtungen und Intuitionen. Die Erfolge best\u00e4tigen seine Anstrengungen.<br> <br>Als Solot\u00e4nzer der Temeschburger Oper verlie\u00df er das Land 1970 und erhielt in den USA politisches Asyl. Zwischen 1971 und 1978 tanzte er Hauptrollen in der New York City Opera, Radio City Music Hall und im Houston Ballet neben internationalen Stars wie Dame Margot Fonteyn, Jaques d`Ambroise und Melissa Heyden. Wegen einer schweren Wirbels\u00e4ulenverletzung musste er seine Karriere als T\u00e4nzer unerwartet abbrechen.<br> <br>Zur\u00fcckgezogen auf St. Thomas (Virgin Islands) widmete er sich der Suche nach der Wahrheit der \u00f6stlichen Heilkunde, Kundalini Yoga und Akupunktur. Auf diese Weise erlangten seine gewonnenen Erfahrungen aus Tanz und Sport neue Dimensionen und er fasste sie zu einem Bewegungssystem zusammen und vertiefte seine Methode. <\/p>\n\n\n\n<p>Entstanden ist ein System, das Gesundheit, \u00c4sthetik und die Leistungsf\u00e4higkeit des K\u00f6rpers gleicherma\u00dfen achtet.<br><\/p>\n\n\n\n<p class=\"has-text-align-left has-normal-font-size\"><em> <\/em><strong>\u201eVom Wasser habe ich die Weichheit und Rundheit sowie die M\u00f6glichkeit der Entlastung genommen, von der Gymnastik den Rhythmus und die Aktion, vom Tanz die Kombination von Grazie und St\u00e4rke, vom Yoga und Qigong die Elastizit\u00e4t und die Stimulierung der Energiezentren und des Energieflusses entlang der Meridiane.\u201c<\/strong> <br><strong>&#8211; Juliu Horvath &#8211;<\/strong> <\/p>\n\n\n\n<hr class=\"wp-block-separator\"\/>\n\n\n\n<p class=\"has-text-align-center has-small-font-size\">\n<span class=\"times\">GYROTONIC\u00ae<\/span>, <span class=\"times\">GYROTONIC\u00ae<\/span> <span class=\"timesLogo\">&amp; Logo<\/span> und <span class=\"times\">GYROTONIC EXPANSION SYSTEM\u00ae<\/span> sind eingetragene Warenzeichen der Gyrotonic Sales Corp und werden mit deren Genehmigung verwendet.<\/p>\n","protected":false},"excerpt":{"rendered":"<p>Wie entstand GYROTONIC\u00ae ? Juliu Horvath, ungarisch-deutscher Herkunft, ist 1942 in Temeschburg, Rum\u00e4nien geboren. Sein gro\u00dfes Interesse an der Bewegung hat sich schon in fr\u00fcher Kindheit bemerkbar gemacht. Erfolgreich praktizierte er Schwimmen, Kunstturnen und Rudern. Im Alter von 19 Jahren<\/p>\n","protected":false},"author":1,"featured_media":0,"parent":0,"menu_order":0,"comment_status":"closed","ping_status":"closed","template":"","meta":{"footnotes":""},"class_list":["post-195","page","type-page","status-publish","hentry"],"_links":{"self":[{"href":"https:\/\/spannweite-kirchheim.de\/index.php?rest_route=\/wp\/v2\/pages\/195","targetHints":{"allow":["GET"]}}],"collection":[{"href":"https:\/\/spannweite-kirchheim.de\/index.php?rest_route=\/wp\/v2\/pages"}],"about":[{"href":"https:\/\/spannweite-kirchheim.de\/index.php?rest_route=\/wp\/v2\/types\/page"}],"author":[{"embeddable":true,"href":"https:\/\/spannweite-kirchheim.de\/index.php?rest_route=\/wp\/v2\/users\/1"}],"replies":[{"embeddable":true,"href":"https:\/\/spannweite-kirchheim.de\/index.php?rest_route=%2Fwp%2Fv2%2Fcomments&post=195"}],"version-history":[{"count":31,"href":"https:\/\/spannweite-kirchheim.de\/index.php?rest_route=\/wp\/v2\/pages\/195\/revisions"}],"predecessor-version":[{"id":930,"href":"https:\/\/spannweite-kirchheim.de\/index.php?rest_route=\/wp\/v2\/pages\/195\/revisions\/930"}],"wp:attachment":[{"href":"https:\/\/spannweite-kirchheim.de\/index.php?rest_route=%2Fwp%2Fv2%2Fmedia&parent=195"}],"curies":[{"name":"wp","href":"https:\/\/api.w.org\/{rel}","templated":true}]}}