{"id":17,"date":"2020-01-23T17:01:17","date_gmt":"2020-01-23T17:01:17","guid":{"rendered":"http:\/\/spannweite-kirchheim.de\/?page_id=17"},"modified":"2020-02-12T11:52:41","modified_gmt":"2020-02-12T11:52:41","slug":"mesmerize","status":"publish","type":"page","link":"https:\/\/spannweite-kirchheim.de\/","title":{"rendered":"Home"},"content":{"rendered":"\n<h2 class=\"wp-block-heading\">DESHALB SIND SIE BEI <span style=\"color:#00B050;font-weight:bold;font-style: normal;\">SPAN<\/span><span style=\"color:#636363ff;font-weight:bold;font-style: italic;\">NWEITE<\/span>\u2002RICHTIG<\/h2>\n\n\n\n<p>Sie suchen nach einer geeigneten sportlichen Aktivit\u00e4t unter  pers\u00f6nlicher Anleitung eines erfahrenen Trainers, in diskreter und  entspannter Wohlf\u00fchl-Atmosph\u00e4re?<\/p>\n\n\n\n<p>Fitness \u201evon der Stange\u201c wird Ihrem Anspruch nicht (mehr) gerecht,  ein Training in der \u201eMenge\u201c (oft \u00fcberf\u00fcllter) Fitness-Anlagen kommt f\u00fcr  Sie nicht in Frage?<\/p>\n\n\n\n<p>Sie suchen eine top Betreuung durch einen langj\u00e4hrig erfahrenen \nPersonal Trainer mit einem \u00fcberzeugenden Trainingskonzept unter \noptimalen Trainingsbedingungen?<\/p>\n\n\n\n<p>Ihr Zeit-Budget ist eng, Sie m\u00f6chten mit wenig Zeitaufwand m\u00f6glichst \nschnell und effektiv einen gesunden, attraktiven K\u00f6rper aufbauen, indem \nSie sich wohlf\u00fchlen, sich selbst und anderen gefallen wollen?<\/p>\n\n\n\n<p>M\u00f6gliche gesundheitliche Einschr\u00e4nkungen hielten Sie bislang davon \nab, Freude und Spa\u00df an der Bewegung zu finden, um Ihre Gesundheit und \nIhr Wohlbefinden gezielt und nachhaltig zu verbessern?<\/p>\n\n\n\n<p>Sie sind ein \u201eno-sports typ\u201c, Sie und Ihr Arzt wissen jedoch sehr \ngut, wie wichtig Bewegung im Interesse Ihrer Gesundheit w\u00e4re, Sie k\u00f6nnen\n jedoch nicht Ihren \u201einneren Schweinehund\u201c \u00fcberwinden und ben\u00f6tigen \nhierzu professionelle Hilfe?<\/p>\n\n\n\n<p>Sie spielen Golf oder Tennis und m\u00f6chten wissen, warum der  derzeitigen No.1 der ATP Weltrangliste, Andy Murray (GB),  die&nbsp;<a href=\"https:\/\/spannweite-kirchheim.de\/?page_id=199\"><span class=\"times\"> GYROTONIC\u00ae<\/span><\/a>\u2013 Methode (nach eigener Aussage) ma\u00dfgeblich zum Erfolg  verhalf?<\/p>\n\n\n\n<p>Sie sind Leistungs- oder Profisportler und m\u00f6chten sich von der  besonderen Eignung der&nbsp;<a href=\"https:\/\/spannweite-kirchheim.de\/?page_id=199\"><span class=\"times\"> GYROTONIC\u00ae<\/span><\/a>\u2013 Methode in Fragen der  Leistungsoptimierung, Verletzungspr\u00e4vention und zur Verbesserung der  Regenerationsf\u00e4higkeit \u00fcberzeugen lassen?<\/p>\n\n\n\n<hr class=\"wp-block-separator\"\/>\n\n\n\n<p class=\"has-text-align-center has-small-font-size\">\n<span class=\"times\">GYROTONIC\u00ae<\/span>, <span class=\"times\">GYROTONIC\u00ae<\/span> <span class=\"timesLogo\">&amp; Logo<\/span> und <span class=\"times\">GYROTONIC EXPANSION SYSTEM\u00ae<\/span> sind eingetragene Warenzeichen der Gyrotonic Sales Corp und werden mit deren Genehmigung verwendet.<\/p>\n\n\n\n<p><\/p>\n","protected":false},"excerpt":{"rendered":"<p>DESHALB SIND SIE BEI SPANNWEITE\u2002RICHTIG Sie suchen nach einer geeigneten sportlichen Aktivit\u00e4t unter pers\u00f6nlicher Anleitung eines erfahrenen Trainers, in diskreter und entspannter Wohlf\u00fchl-Atmosph\u00e4re? Fitness \u201evon der Stange\u201c wird Ihrem Anspruch nicht (mehr) gerecht, ein Training in der \u201eMenge\u201c (oft \u00fcberf\u00fcllter)<\/p>\n","protected":false},"author":1,"featured_media":0,"parent":0,"menu_order":0,"comment_status":"closed","ping_status":"closed","template":"","meta":{"footnotes":""},"class_list":["post-17","page","type-page","status-publish","hentry"],"_links":{"self":[{"href":"https:\/\/spannweite-kirchheim.de\/index.php?rest_route=\/wp\/v2\/pages\/17","targetHints":{"allow":["GET"]}}],"collection":[{"href":"https:\/\/spannweite-kirchheim.de\/index.php?rest_route=\/wp\/v2\/pages"}],"about":[{"href":"https:\/\/spannweite-kirchheim.de\/index.php?rest_route=\/wp\/v2\/types\/page"}],"author":[{"embeddable":true,"href":"https:\/\/spannweite-kirchheim.de\/index.php?rest_route=\/wp\/v2\/users\/1"}],"replies":[{"embeddable":true,"href":"https:\/\/spannweite-kirchheim.de\/index.php?rest_route=%2Fwp%2Fv2%2Fcomments&post=17"}],"version-history":[{"count":50,"href":"https:\/\/spannweite-kirchheim.de\/index.php?rest_route=\/wp\/v2\/pages\/17\/revisions"}],"predecessor-version":[{"id":982,"href":"https:\/\/spannweite-kirchheim.de\/index.php?rest_route=\/wp\/v2\/pages\/17\/revisions\/982"}],"wp:attachment":[{"href":"https:\/\/spannweite-kirchheim.de\/index.php?rest_route=%2Fwp%2Fv2%2Fmedia&parent=17"}],"curies":[{"name":"wp","href":"https:\/\/api.w.org\/{rel}","templated":true}]}}