{"id":144,"date":"2020-01-24T00:08:08","date_gmt":"2020-01-24T00:08:08","guid":{"rendered":"http:\/\/spannweite-kirchheim.de\/?page_id=144"},"modified":"2020-01-26T14:08:46","modified_gmt":"2020-01-26T14:08:46","slug":"impressum","status":"publish","type":"page","link":"https:\/\/spannweite-kirchheim.de\/?page_id=144","title":{"rendered":"Impressum"},"content":{"rendered":"\n<h2 class=\"wp-block-heading\">Inhaber und verantwortlich f\u00fcr den Inhalt: <\/h2>\n\n\n\n<p>Alexandra Benisch<br>Weiherstrasse 2\/3 <br>73230 Kirchheim unter Teck<br>Email: <a href=\"mailto:info@spannweite-kirchheim.de\">info@spannweite-kirchheim.de<\/a>  <\/p>\n\n\n\n<p><\/p>\n\n\n\n<h3 class=\"wp-block-heading\">Haftungsausschlu\u00df und wichtiger Hinweis zu externen Links<\/h3>\n\n\n\n<p>Wir \u00fcbernehmen trotz sorgf\u00e4ltiger Beschaffung und Bereitstellung \nkeine Gew\u00e4hr f\u00fcr die Richtigkeit, Vollst\u00e4ndigkeit oder Genauigkeit der \nim Rahmen der Internet-Informationssysteme zum Abruf bereitgehaltenen \nund angezeigten Inhalte. F\u00fcr Fehler und Irrt\u00fcmer \u00fcbernehmen wir keine \nHaftung. Wir betonen ausdr\u00fccklich, da\u00df wir keinerlei Einflu\u00df auf die \nGestaltung und die Inhalte der gelinkten Seiten haben. Deshalb \ndistanzieren wir uns hiermit ausdr\u00fccklich von allen Inhalten aller \ngelinkten Seiten auf der gesamten Website inklusive aller Unterseiten \nund machen uns ihre Inhalte nicht zu Eigen. Diese Erkl\u00e4rung gilt f\u00fcr \nalle auf unseren Web-Seiten ausgebrachten Links und f\u00fcr alle Inhalte der\n Seiten, zu denen Links oder Banner f\u00fchren. Die zum Abruf bereit \ngehaltenen Informationen sowie die mit Darstellungs- und \nAnalysewerkzeugen generierten und angezeigten Ergebnisse dienen \nausschlie\u00dflich zur Information der Besucher des Internetangebotes und \nstellen keine Beratung oder sonstige Empfehlung dar.<\/p>\n\n\n\n<h3 class=\"wp-block-heading\">Haftungsausschlu\u00df<\/h3>\n\n\n\n<ol class=\"wp-block-list\"><li>\nInhalt des Onlineangebotes\nDer Autor \u00fcbernimmt keinerlei Gew\u00e4hr f\u00fcr die Aktualit\u00e4t, Korrektheit,\n Vollst\u00e4ndigkeit oder Qualit\u00e4t der bereitgestellten Informationen. \nHaftungsanspr\u00fcche gegen den Autor, welche sich auf Sch\u00e4den materieller \noder ideeller Art beziehen, die durch die Nutzung oder Nichtnutzung der \ndargebotenen Informationen bzw. durch die Nutzung fehlerhafter und \nunvollst\u00e4ndiger Informationen verursacht wurden, sind grunds\u00e4tzlich \nausgeschlossen, sofern seitens des Autors kein nachweislich \nvors\u00e4tzliches oder grob fahrl\u00e4ssiges Verschulden vorliegt.\nAlle Angebote sind freibleibend und unverbindlich. Der Autor beh\u00e4lt \nes sich ausdr\u00fccklich vor, Teile der Seiten oder das gesamte Angebot ohne\n gesonderte Ank\u00fcndigung zu ver\u00e4ndern, zu erg\u00e4nzen, zu l\u00f6schen oder die \nVer\u00f6ffentlichung zeitweise oder endg\u00fcltig einzustellen.<\/li><li>\nVerweise und Links\nBei direkten oder indirekten Verweisen auf fremde Webseiten \n(\u201eHyperlinks\u201c), die au\u00dferhalb des Verantwortungsbereiches des Autors \nliegen, w\u00fcrde eine Haftungsverpflichtung ausschlie\u00dflich in dem Fall in \nKraft treten, in dem der Autor von den Inhalten Kenntnis hat und es ihm \ntechnisch m\u00f6glich und zumutbar w\u00e4re, die Nutzung im Falle rechtswidriger\n Inhalte zu verhindern.\nDer Autor erkl\u00e4rt hiermit ausdr\u00fccklich, da\u00df zum Zeitpunkt der \nLinksetzung keine illegalen Inhalte auf den zu verlinkenden Seiten \nerkennbar waren. Auf die aktuelle und zuk\u00fcnftige Gestaltung, die Inhalte\n oder die Urheberschaft der gelinkten\/verkn\u00fcpften Seiten hat der Autor \nkeinerlei Einflu\u00df. Deshalb distanziert er sich hiermit ausdr\u00fccklich von \nallen Inhalten aller gelinkten \/verkn\u00fcpften Seiten, die nach der \nLinksetzung ver\u00e4ndert wurden. Diese Feststellung gilt f\u00fcr alle innerhalb\n des eigenen Internetangebotes gesetzten Links und Verweise sowie f\u00fcr \nFremdeintr\u00e4ge in vom Autor eingerichteten G\u00e4steb\u00fcchern, Diskussionsforen\n und Mailinglisten. F\u00fcr illegale, fehlerhafte oa?der unvollst\u00e4ndige \nInhalte und insbesondere f\u00fcr Sch\u00e4den, die aus der Nutzung oder \nNichtnutzung solcherart dargebotener Informationen entstehen, haftet \nallein der Anbieter der Seite, auf welche verwiesen wurde, nicht \nderjenige, der \u00fcber Links auf die jeweilige Ver\u00f6ffentlichung lediglich \nverweist.<\/li><li>\nUrheber- und Kennzeichenrecht\nDer Autor ist bestrebt, in allen Publikationen die Urheberrechte der \nverwendeten Grafiken, Tondokumente, Videosequenzen und Texte zu \nbeachten, von ihm selbst erstellte Grafiken, Tondokumente, \nVideosequenzen und Texte zu nutzen oder auf lizenzfreie Grafiken, \nTondokumente, Videosequenzen und Texte zur\u00fcckzugreifen. Alle innerhalb \ndes Internetangebotes genannten und ggf. durch Dritte gesch\u00fctzten \nMarken- und Warenzeichen unterliegen uneingeschr\u00e4nkt den Bestimmungen \ndes jeweils g\u00fcltigen Kennzeichenrechts und den Besitzrechten der \njeweiligen eingetragenen Eigent\u00fcmer. Allein aufgrund der blo\u00dfen Nennung \nist nicht der Schlu\u00df zu ziehen, da\u00df Markenzeichen nicht durch Rechte \nDritter gesch\u00fctzt sind! Das Copyright f\u00fcr ver\u00f6ffentlichte, vom Autor \nselbst erstellte Objekte bleibt allein beim Autor der Seiten. Eine \nVervielf\u00e4ltigung oder Verwendung solcher Grafiken, Tondokumente, \nVideosequenzen und Texte in anderen elektronischen oder gedruckten \nPublikationen ist ohne ausdr\u00fcckliche Zustimmung des Autors nicht \ngestattet.<\/li><li>\nDatenschutz\nDie Inanspruchnahme und Bezahlung aller angebotenen Dienste ist \u2013 \nsoweit technisch m\u00f6glich und zumutbar \u2013 auch ohne Angabe solcher Daten \nbzw. unter Angabe anonymisierter Daten oder eines Pseudonyms gestattet. \nDie Nutzung der im Rahmen des Impressums oder vergleichbarer Angaben \nver\u00f6ffentlichten Kontaktdaten wie Postanschriften, Telefon- und \nFaxnummern sowie Emailadressen durch Dritte zur \u00dcbersendung von nicht \nausdr\u00fccklich angeforderten Informationen ist nicht gestattet. Rechtliche\n Schritte gegen die Versender von sogenannten Spam-Mails bei Versto\u00dfen \ngegen dieses Verbot sind ausdr\u00fccklich vorbehalten.<\/li><li>\nRechtswirksamkeit dieses Haftungsausschlusses\nDieser Haftungsausschlu\u00df ist als Teil des Internetangebotes zu \nbetrachten, von dem aus auf diese Seite verwiesen wurde. Sofern Teile \noder einzelne Formulierungen dieses Textes der geltenden Rechtslage \nnicht, nicht mehr oder nicht vollst\u00e4ndig entsprechen sollten, bleiben \ndie \u00fcbrigen Teile des Dokumentes in ihrem Inhalt und ihrer G\u00fcltigkeit \ndavon unber\u00fchrt.<\/li><\/ol>\n\n\n\n<div class=\"wp-block-group\"><div class=\"wp-block-group__inner-container is-layout-flow wp-block-group-is-layout-flow\">\n<hr class=\"wp-block-separator\"\/>\n\n\n\n<p class=\"has-text-align-center has-small-font-size\">\n<span class=\"times\">GYROTONIC\u00ae<\/span>, <span class=\"times\">GYROTONIC\u00ae<\/span> <span class=\"timesLogo\">&amp; Logo<\/span> und <span class=\"times\">GYROTONIC EXPANSION SYSTEM\u00ae<\/span> sind eingetragene Warenzeichen der Gyrotonic Sales Corp und werden mit deren Genehmigung verwendet.<\/p>\n<\/div><\/div>\n","protected":false},"excerpt":{"rendered":"<p>Inhaber und verantwortlich f\u00fcr den Inhalt: Alexandra BenischWeiherstrasse 2\/3 73230 Kirchheim unter TeckEmail: info@spannweite-kirchheim.de Haftungsausschlu\u00df und wichtiger Hinweis zu externen Links Wir \u00fcbernehmen trotz sorgf\u00e4ltiger Beschaffung und Bereitstellung keine Gew\u00e4hr f\u00fcr die Richtigkeit, Vollst\u00e4ndigkeit oder Genauigkeit der im Rahmen der<\/p>\n","protected":false},"author":1,"featured_media":0,"parent":0,"menu_order":0,"comment_status":"closed","ping_status":"closed","template":"","meta":{"footnotes":""},"class_list":["post-144","page","type-page","status-publish","hentry"],"_links":{"self":[{"href":"https:\/\/spannweite-kirchheim.de\/index.php?rest_route=\/wp\/v2\/pages\/144","targetHints":{"allow":["GET"]}}],"collection":[{"href":"https:\/\/spannweite-kirchheim.de\/index.php?rest_route=\/wp\/v2\/pages"}],"about":[{"href":"https:\/\/spannweite-kirchheim.de\/index.php?rest_route=\/wp\/v2\/types\/page"}],"author":[{"embeddable":true,"href":"https:\/\/spannweite-kirchheim.de\/index.php?rest_route=\/wp\/v2\/users\/1"}],"replies":[{"embeddable":true,"href":"https:\/\/spannweite-kirchheim.de\/index.php?rest_route=%2Fwp%2Fv2%2Fcomments&post=144"}],"version-history":[{"count":8,"href":"https:\/\/spannweite-kirchheim.de\/index.php?rest_route=\/wp\/v2\/pages\/144\/revisions"}],"predecessor-version":[{"id":726,"href":"https:\/\/spannweite-kirchheim.de\/index.php?rest_route=\/wp\/v2\/pages\/144\/revisions\/726"}],"wp:attachment":[{"href":"https:\/\/spannweite-kirchheim.de\/index.php?rest_route=%2Fwp%2Fv2%2Fmedia&parent=144"}],"curies":[{"name":"wp","href":"https:\/\/api.w.org\/{rel}","templated":true}]}}